{"id":183,"date":"2025-10-06T20:11:23","date_gmt":"2025-10-06T18:11:23","guid":{"rendered":"https:\/\/www.feuer-consulting.com\/mentions-legales\/"},"modified":"2025-10-08T20:21:05","modified_gmt":"2025-10-08T18:21:05","slug":"mentions-legales","status":"publish","type":"page","link":"https:\/\/www.feuer-consulting.com\/fr\/mentions-legales\/","title":{"rendered":"Mentions l\u00e9gales"},"content":{"rendered":"<p>[et_pb_section fb_built=\u00a0\u00bb1&Prime; admin_label=\u00a0\u00bbIntroduction\u00a0\u00bb _builder_version=\u00a0\u00bb4.16&Prime; custom_margin=\u00a0\u00bb|||\u00a0\u00bb custom_padding=\u00a0\u00bb100px|0px|100px|0px\u00a0\u00bb global_colors_info=\u00a0\u00bb{}\u00a0\u00bb][et_pb_row use_custom_gutter=\u00a0\u00bbon\u00a0\u00bb gutter_width=\u00a0\u00bb4&Prime; _builder_version=\u00a0\u00bb4.16&Prime; animation_style=\u00a0\u00bbfade\u00a0\u00bb global_colors_info=\u00a0\u00bb{}\u00a0\u00bb][et_pb_column type=\u00a0\u00bb4_4&Prime; _builder_version=\u00a0\u00bb4.16&Prime; custom_padding=\u00a0\u00bb|||\u00a0\u00bb global_colors_info=\u00a0\u00bb{}\u00a0\u00bb custom_padding__hover=\u00a0\u00bb|||\u00a0\u00bb][et_pb_text _builder_version=\u00a0\u00bb4.27.4&Prime; text_font=\u00a0\u00bb||||||||\u00a0\u00bb header_font=\u00a0\u00bbPoppins||||||||\u00a0\u00bb header_2_font=\u00a0\u00bbPlayfair Display|700|||||||\u00a0\u00bb header_2_font_size=\u00a0\u00bb38px\u00a0\u00bb header_2_letter_spacing=\u00a0\u00bb1px\u00a0\u00bb header_2_line_height=\u00a0\u00bb1.4em\u00a0\u00bb header_3_font=\u00a0\u00bbPoppins|700||on|||||\u00a0\u00bb header_3_text_color=\u00a0\u00bb#edbb5f\u00a0\u00bb header_3_font_size=\u00a0\u00bb14px\u00a0\u00bb header_3_letter_spacing=\u00a0\u00bb1px\u00a0\u00bb header_3_line_height=\u00a0\u00bb2em\u00a0\u00bb hover_enabled=\u00a0\u00bb0&Prime; global_colors_info=\u00a0\u00bb{}\u00a0\u00bb header_font_size=\u00a0\u00bb40px\u00a0\u00bb sticky_enabled=\u00a0\u00bb0&Prime; header_text_color=\u00a0\u00bb#edbb5f\u00a0\u00bb]<\/p>\n<h1>Mentions l\u00e9gales<\/h1>\n<p>[\/et_pb_text][et_pb_divider color=\u00a0\u00bb#edbb5f\u00a0\u00bb divider_weight=\u00a0\u00bb2px\u00a0\u00bb _builder_version=\u00a0\u00bb4.16&Prime; max_width=\u00a0\u00bb60px\u00a0\u00bb module_alignment=\u00a0\u00bbleft\u00a0\u00bb height=\u00a0\u00bb2px\u00a0\u00bb global_colors_info=\u00a0\u00bb{}\u00a0\u00bb][\/et_pb_divider][et_pb_text _builder_version=\u00a0\u00bb4.27.4&Prime; text_font=\u00a0\u00bbPoppins||||||||\u00a0\u00bb text_font_size=\u00a0\u00bb16px\u00a0\u00bb text_letter_spacing=\u00a0\u00bb1px\u00a0\u00bb text_line_height=\u00a0\u00bb2em\u00a0\u00bb hover_enabled=\u00a0\u00bb0&Prime; global_colors_info=\u00a0\u00bb{}\u00a0\u00bb sticky_enabled=\u00a0\u00bb0&Prime;]<\/p>\n<h2>Informations l\u00e9gales du site<\/h2>\n<p><\/p>\n<p><strong>Nom de l\u2019entreprise<\/strong> : FEUER LLP<br \/><strong>Type d\u2019entreprise<\/strong> : Limited Liability Partnership (LLP)<br \/><strong>Si\u00e8ge social<\/strong> : 24\u201326 Arcadia Avenue, Fin000, Londres, Royaume-Uni, N3 2JU<br \/><strong>Email<\/strong> : <a href=\"mailto:contact@feuer-consulting.com\" target=\"_blank\" rel=\"noopener\">contact@feuer-consulting.com<\/a><br \/><strong>Num\u00e9ro d\u2019enregistrement de l\u2019entreprise<\/strong> : OC456552<br \/><strong>Site web<\/strong> : <a href=\"https:\/\/www.feuer-consulting.com\/fr\/\" target=\"_blank\" rel=\"noopener\">www.feuer-consulting.com<\/a><\/p>\n<p>[\/et_pb_text][et_pb_text _builder_version=\u00a0\u00bb4.27.4&Prime; text_font=\u00a0\u00bbPoppins||||||||\u00a0\u00bb text_font_size=\u00a0\u00bb16px\u00a0\u00bb text_letter_spacing=\u00a0\u00bb1px\u00a0\u00bb text_line_height=\u00a0\u00bb2em\u00a0\u00bb hover_enabled=\u00a0\u00bb0&Prime; global_colors_info=\u00a0\u00bb{}\u00a0\u00bb sticky_enabled=\u00a0\u00bb0&Prime;]<\/p>\n<h2>Propri\u00e9t\u00e9 intellectuelle<\/h2>\n<p><\/p>\n<p>Tous les contenus publi\u00e9s sur ce site \u2014 y compris les textes, images, logos, \u00e9l\u00e9ments graphiques et autres supports \u2014 sont la propri\u00e9t\u00e9 exclusive de FEUER LLP, sauf indication contraire.<br \/>Toute reproduction, modification, distribution ou utilisation commerciale de tout ou partie de ces contenus sans l\u2019autorisation \u00e9crite pr\u00e9alable de FEUER LLP est strictement interdite.<\/p>\n<p>[\/et_pb_text][et_pb_text _builder_version=\u00a0\u00bb4.27.4&Prime; text_font=\u00a0\u00bbPoppins||||||||\u00a0\u00bb text_font_size=\u00a0\u00bb16px\u00a0\u00bb text_letter_spacing=\u00a0\u00bb1px\u00a0\u00bb text_line_height=\u00a0\u00bb2em\u00a0\u00bb hover_enabled=\u00a0\u00bb0&Prime; global_colors_info=\u00a0\u00bb{}\u00a0\u00bb sticky_enabled=\u00a0\u00bb0&Prime;]<\/p>\n<h2>Clause de non-responsabilit\u00e9<\/h2>\n<p><\/p>\n<p>FEUER LLP s\u2019efforce de garantir que toutes les informations fournies sur ce site sont exactes et \u00e0 jour. Toutefois, nous ne formulons <strong>aucune d\u00e9claration ni garantie<\/strong>, expresse ou implicite, quant \u00e0 l\u2019exhaustivit\u00e9, l\u2019exactitude, la fiabilit\u00e9, la pertinence ou la disponibilit\u00e9 du site ou de son contenu.<\/p>\n<p><\/p>\n<p>FEUER LLP <strong>ne pourra en aucun cas \u00eatre tenue responsable de tout dommage direct ou indirect<\/strong>, perte ou probl\u00e8me de donn\u00e9es r\u00e9sultant de l\u2019utilisation de ce site ou de la confiance accord\u00e9e \u00e0 ses informations.<br \/>Les d\u00e9tails, sp\u00e9cifications et tarifs des produits ou services peuvent \u00eatre modifi\u00e9s \u00e0 tout moment sans pr\u00e9avis.<\/p>\n<p>[\/et_pb_text][et_pb_text _builder_version=\u00a0\u00bb4.27.4&Prime; text_font=\u00a0\u00bbPoppins||||||||\u00a0\u00bb text_font_size=\u00a0\u00bb16px\u00a0\u00bb text_letter_spacing=\u00a0\u00bb1px\u00a0\u00bb text_line_height=\u00a0\u00bb2em\u00a0\u00bb hover_enabled=\u00a0\u00bb0&Prime; global_colors_info=\u00a0\u00bb{}\u00a0\u00bb sticky_enabled=\u00a0\u00bb0&Prime;]<\/p>\n<h2>Confidentialit\u00e9 et protection des donn\u00e9es<\/h2>\n<p><\/p>\n<p>FEUER LLP s\u2019engage \u00e0 prot\u00e9ger vos donn\u00e9es personnelles conform\u00e9ment au Data Protection Act 2018 du Royaume-Uni et au R\u00e8glement g\u00e9n\u00e9ral sur la protection des donn\u00e9es (RGPD). Pour plus de d\u00e9tails, veuillez consulter notre Politique de confidentialit\u00e9.<\/p>\n<p>[\/et_pb_text][et_pb_text _builder_version=\u00a0\u00bb4.27.4&Prime; text_font=\u00a0\u00bbPoppins||||||||\u00a0\u00bb text_font_size=\u00a0\u00bb16px\u00a0\u00bb text_letter_spacing=\u00a0\u00bb1px\u00a0\u00bb text_line_height=\u00a0\u00bb2em\u00a0\u00bb hover_enabled=\u00a0\u00bb0&Prime; global_colors_info=\u00a0\u00bb{}\u00a0\u00bb sticky_enabled=\u00a0\u00bb0&Prime;]<\/p>\n<h2>Droit applicable<\/h2>\n<p><\/p>\n<p>Les pr\u00e9sentes mentions l\u00e9gales sont r\u00e9gies par le droit d\u2019Angleterre et du pays de Galles. Tout litige relatif \u00e0 l\u2019utilisation de ce site sera soumis \u00e0 la comp\u00e9tence exclusive des tribunaux de Londres, Royaume-Uni.<\/p>\n<p>[\/et_pb_text][\/et_pb_column][\/et_pb_row][\/et_pb_section]<\/p>\n","protected":false},"excerpt":{"rendered":"<p>Mentions l\u00e9galesInformations l\u00e9gales du siteNom de l\u2019entreprise : FEUER LLPType d\u2019entreprise : Limited Liability Partnership (LLP)Si\u00e8ge social : 24\u201326 Arcadia Avenue, Fin000, Londres, Royaume-Uni, N3 2JUEmail : contact@feuer-consulting.comNum\u00e9ro d\u2019enregistrement de l\u2019entreprise : OC456552Site web : www.feuer-consulting.comPropri\u00e9t\u00e9 intellectuelleTous les contenus publi\u00e9s sur ce site \u2014 y compris les textes, images, logos, \u00e9l\u00e9ments graphiques et autres supports [&hellip;]<\/p>\n","protected":false},"author":1,"featured_media":0,"parent":0,"menu_order":0,"comment_status":"closed","ping_status":"closed","template":"","meta":{"_et_pb_use_builder":"on","_et_pb_old_content":"","_et_gb_content_width":"","footnotes":""},"class_list":["post-183","page","type-page","status-publish","hentry"],"yoast_head":"<!-- This site is optimized with the Yoast SEO plugin v27.1.1 - https:\/\/yoast.com\/product\/yoast-seo-wordpress\/ -->\n<title>Mentions l\u00e9gales - Feuer Consulting<\/title>\n<meta name=\"robots\" content=\"index, follow, max-snippet:-1, max-image-preview:large, max-video-preview:-1\" \/>\n<link rel=\"canonical\" href=\"https:\/\/www.feuer-consulting.com\/fr\/mentions-legales\/\" \/>\n<meta property=\"og:locale\" content=\"fr_FR\" \/>\n<meta property=\"og:type\" content=\"article\" \/>\n<meta property=\"og:title\" content=\"Mentions l\u00e9gales - Feuer Consulting\" \/>\n<meta property=\"og:description\" content=\"Mentions l\u00e9galesInformations l\u00e9gales du siteNom de l\u2019entreprise : FEUER LLPType d\u2019entreprise : Limited Liability Partnership (LLP)Si\u00e8ge social : 24\u201326 Arcadia Avenue, Fin000, Londres, Royaume-Uni, N3 2JUEmail : contact@feuer-consulting.comNum\u00e9ro d\u2019enregistrement de l\u2019entreprise : OC456552Site web : www.feuer-consulting.comPropri\u00e9t\u00e9 intellectuelleTous les contenus publi\u00e9s sur ce site \u2014 y compris les textes, images, logos, \u00e9l\u00e9ments graphiques et autres supports [&hellip;]\" \/>\n<meta property=\"og:url\" content=\"https:\/\/www.feuer-consulting.com\/fr\/mentions-legales\/\" \/>\n<meta property=\"og:site_name\" content=\"Feuer Consulting\" \/>\n<meta property=\"article:modified_time\" content=\"2025-10-08T18:21:05+00:00\" \/>\n<meta name=\"twitter:card\" content=\"summary_large_image\" \/>\n<meta name=\"twitter:label1\" content=\"Dur\u00e9e de lecture estim\u00e9e\" \/>\n\t<meta name=\"twitter:data1\" content=\"3 minutes\" \/>\n<script type=\"application\/ld+json\" class=\"yoast-schema-graph\">{\"@context\":\"https:\/\/schema.org\",\"@graph\":[{\"@type\":\"WebPage\",\"@id\":\"https:\/\/www.feuer-consulting.com\/fr\/mentions-legales\/\",\"url\":\"https:\/\/www.feuer-consulting.com\/fr\/mentions-legales\/\",\"name\":\"Mentions l\u00e9gales - Feuer Consulting\",\"isPartOf\":{\"@id\":\"https:\/\/www.feuer-consulting.com\/fr\/#website\"},\"datePublished\":\"2025-10-06T18:11:23+00:00\",\"dateModified\":\"2025-10-08T18:21:05+00:00\",\"breadcrumb\":{\"@id\":\"https:\/\/www.feuer-consulting.com\/fr\/mentions-legales\/#breadcrumb\"},\"inLanguage\":\"fr-FR\",\"potentialAction\":[{\"@type\":\"ReadAction\",\"target\":[\"https:\/\/www.feuer-consulting.com\/fr\/mentions-legales\/\"]}]},{\"@type\":\"BreadcrumbList\",\"@id\":\"https:\/\/www.feuer-consulting.com\/fr\/mentions-legales\/#breadcrumb\",\"itemListElement\":[{\"@type\":\"ListItem\",\"position\":1,\"name\":\"Accueil\",\"item\":\"https:\/\/www.feuer-consulting.com\/fr\/\"},{\"@type\":\"ListItem\",\"position\":2,\"name\":\"Mentions l\u00e9gales\"}]},{\"@type\":\"WebSite\",\"@id\":\"https:\/\/www.feuer-consulting.com\/fr\/#website\",\"url\":\"https:\/\/www.feuer-consulting.com\/fr\/\",\"name\":\"Feuer Consulting\",\"description\":\"\",\"potentialAction\":[{\"@type\":\"SearchAction\",\"target\":{\"@type\":\"EntryPoint\",\"urlTemplate\":\"https:\/\/www.feuer-consulting.com\/fr\/?s={search_term_string}\"},\"query-input\":{\"@type\":\"PropertyValueSpecification\",\"valueRequired\":true,\"valueName\":\"search_term_string\"}}],\"inLanguage\":\"fr-FR\"}]}<\/script>\n<!-- \/ Yoast SEO plugin. -->","yoast_head_json":{"title":"Mentions l\u00e9gales - Feuer Consulting","robots":{"index":"index","follow":"follow","max-snippet":"max-snippet:-1","max-image-preview":"max-image-preview:large","max-video-preview":"max-video-preview:-1"},"canonical":"https:\/\/www.feuer-consulting.com\/fr\/mentions-legales\/","og_locale":"fr_FR","og_type":"article","og_title":"Mentions l\u00e9gales - Feuer Consulting","og_description":"Mentions l\u00e9galesInformations l\u00e9gales du siteNom de l\u2019entreprise : FEUER LLPType d\u2019entreprise : Limited Liability Partnership (LLP)Si\u00e8ge social : 24\u201326 Arcadia Avenue, Fin000, Londres, Royaume-Uni, N3 2JUEmail : contact@feuer-consulting.comNum\u00e9ro d\u2019enregistrement de l\u2019entreprise : OC456552Site web : www.feuer-consulting.comPropri\u00e9t\u00e9 intellectuelleTous les contenus publi\u00e9s sur ce site \u2014 y compris les textes, images, logos, \u00e9l\u00e9ments graphiques et autres supports [&hellip;]","og_url":"https:\/\/www.feuer-consulting.com\/fr\/mentions-legales\/","og_site_name":"Feuer Consulting","article_modified_time":"2025-10-08T18:21:05+00:00","twitter_card":"summary_large_image","twitter_misc":{"Dur\u00e9e de lecture estim\u00e9e":"3 minutes"},"schema":{"@context":"https:\/\/schema.org","@graph":[{"@type":"WebPage","@id":"https:\/\/www.feuer-consulting.com\/fr\/mentions-legales\/","url":"https:\/\/www.feuer-consulting.com\/fr\/mentions-legales\/","name":"Mentions l\u00e9gales - Feuer Consulting","isPartOf":{"@id":"https:\/\/www.feuer-consulting.com\/fr\/#website"},"datePublished":"2025-10-06T18:11:23+00:00","dateModified":"2025-10-08T18:21:05+00:00","breadcrumb":{"@id":"https:\/\/www.feuer-consulting.com\/fr\/mentions-legales\/#breadcrumb"},"inLanguage":"fr-FR","potentialAction":[{"@type":"ReadAction","target":["https:\/\/www.feuer-consulting.com\/fr\/mentions-legales\/"]}]},{"@type":"BreadcrumbList","@id":"https:\/\/www.feuer-consulting.com\/fr\/mentions-legales\/#breadcrumb","itemListElement":[{"@type":"ListItem","position":1,"name":"Accueil","item":"https:\/\/www.feuer-consulting.com\/fr\/"},{"@type":"ListItem","position":2,"name":"Mentions l\u00e9gales"}]},{"@type":"WebSite","@id":"https:\/\/www.feuer-consulting.com\/fr\/#website","url":"https:\/\/www.feuer-consulting.com\/fr\/","name":"Feuer Consulting","description":"","potentialAction":[{"@type":"SearchAction","target":{"@type":"EntryPoint","urlTemplate":"https:\/\/www.feuer-consulting.com\/fr\/?s={search_term_string}"},"query-input":{"@type":"PropertyValueSpecification","valueRequired":true,"valueName":"search_term_string"}}],"inLanguage":"fr-FR"}]}},"_links":{"self":[{"href":"https:\/\/www.feuer-consulting.com\/fr\/wp-json\/wp\/v2\/pages\/183","targetHints":{"allow":["GET"]}}],"collection":[{"href":"https:\/\/www.feuer-consulting.com\/fr\/wp-json\/wp\/v2\/pages"}],"about":[{"href":"https:\/\/www.feuer-consulting.com\/fr\/wp-json\/wp\/v2\/types\/page"}],"author":[{"embeddable":true,"href":"https:\/\/www.feuer-consulting.com\/fr\/wp-json\/wp\/v2\/users\/1"}],"replies":[{"embeddable":true,"href":"https:\/\/www.feuer-consulting.com\/fr\/wp-json\/wp\/v2\/comments?post=183"}],"version-history":[{"count":2,"href":"https:\/\/www.feuer-consulting.com\/fr\/wp-json\/wp\/v2\/pages\/183\/revisions"}],"predecessor-version":[{"id":185,"href":"https:\/\/www.feuer-consulting.com\/fr\/wp-json\/wp\/v2\/pages\/183\/revisions\/185"}],"wp:attachment":[{"href":"https:\/\/www.feuer-consulting.com\/fr\/wp-json\/wp\/v2\/media?parent=183"}],"curies":[{"name":"wp","href":"https:\/\/api.w.org\/{rel}","templated":true}]}}