{"id":191,"date":"2025-10-06T16:56:23","date_gmt":"2025-10-06T14:56:23","guid":{"rendered":"https:\/\/www.feuer-consulting.com\/pourquoi-nous-choisir\/"},"modified":"2025-10-12T19:52:42","modified_gmt":"2025-10-12T17:52:42","slug":"pourquoi-nous-choisir","status":"publish","type":"page","link":"https:\/\/www.feuer-consulting.com\/fr\/pourquoi-nous-choisir\/","title":{"rendered":"Pourquoi nous choisir"},"content":{"rendered":"<p>[et_pb_section fb_built=\u00a0\u00bb1&Prime; fullwidth=\u00a0\u00bbon\u00a0\u00bb admin_label=\u00a0\u00bbHero Section\u00a0\u00bb _builder_version=\u00a0\u00bb4.16&Prime; global_colors_info=\u00a0\u00bb{}\u00a0\u00bb][et_pb_fullwidth_header title=\u00a0\u00bbPourquoi nous choisir\u00a0\u00bb subhead=\u00a0\u00bbExpertise sans contraintes\u00a0\u00bb background_overlay_color=\u00a0\u00bbrgba(0,0,0,0.65)\u00a0\u00bb _builder_version=\u00a0\u00bb4.27.4&Prime; title_font=\u00a0\u00bbPoppins|||on|||||\u00a0\u00bb title_text_color=\u00a0\u00bb#edbb5f\u00a0\u00bb title_font_size=\u00a0\u00bb40px\u00a0\u00bb title_letter_spacing=\u00a0\u00bb2px\u00a0\u00bb title_line_height=\u00a0\u00bb0.5em\u00a0\u00bb content_font=\u00a0\u00bbPoppins||||||||\u00a0\u00bb content_font_size=\u00a0\u00bb16px\u00a0\u00bb content_letter_spacing=\u00a0\u00bb1px\u00a0\u00bb content_line_height=\u00a0\u00bb2em\u00a0\u00bb subhead_font=\u00a0\u00bbPlayfair Display|500|||||||\u00a0\u00bb subhead_font_size=\u00a0\u00bb37px\u00a0\u00bb subhead_letter_spacing=\u00a0\u00bb3px\u00a0\u00bb subhead_line_height=\u00a0\u00bb2em\u00a0\u00bb background_color=\u00a0\u00bbrgba(255, 255, 255, 0)\u00a0\u00bb background_image=\u00a0\u00bbhttps:\/\/www.feuer-consulting.com\/wp-content\/uploads\/2025\/10\/feuer-consulting-02-scaled.jpg\u00a0\u00bb parallax=\u00a0\u00bbon\u00a0\u00bb parallax_method=\u00a0\u00bbon\u00a0\u00bb custom_button_one=\u00a0\u00bbon\u00a0\u00bb button_one_border_width=\u00a0\u00bb1px\u00a0\u00bb button_one_border_color=\u00a0\u00bbrgba(255,255,255,0.3)\u00a0\u00bb button_one_border_radius=\u00a0\u00bb0px\u00a0\u00bb button_one_letter_spacing=\u00a0\u00bb1px\u00a0\u00bb button_one_font=\u00a0\u00bbSaira Extra Condensed|600||on|||||\u00a0\u00bb button_one_icon=\u00a0\u00bb&#x24;||divi||400&Prime; button_one_icon_color=\u00a0\u00bb#edbb5f\u00a0\u00bb custom_button_two=\u00a0\u00bbon\u00a0\u00bb button_two_border_width=\u00a0\u00bb1px\u00a0\u00bb button_two_border_color=\u00a0\u00bbrgba(255,255,255,0.3)\u00a0\u00bb button_two_border_radius=\u00a0\u00bb0px\u00a0\u00bb button_two_letter_spacing=\u00a0\u00bb1px\u00a0\u00bb button_two_font=\u00a0\u00bbSaira Extra Condensed|600||on|||||\u00a0\u00bb button_two_icon=\u00a0\u00bb&#x24;||divi||400&Prime; button_two_icon_color=\u00a0\u00bb#edbb5f\u00a0\u00bb module_alignment=\u00a0\u00bbright\u00a0\u00bb custom_margin=\u00a0\u00bb|||\u00a0\u00bb custom_padding=\u00a0\u00bb8%||8%|\u00a0\u00bb button_one_text_color_hover=\u00a0\u00bb#edbb5f\u00a0\u00bb button_two_text_color_hover=\u00a0\u00bb#edbb5f\u00a0\u00bb button_one_bg_color_hover=\u00a0\u00bbrgba(0,0,0,0)\u00a0\u00bb button_two_bg_color_hover=\u00a0\u00bbrgba(0,0,0,0)\u00a0\u00bb global_colors_info=\u00a0\u00bb{}\u00a0\u00bb button_one_text_size__hover_enabled=\u00a0\u00bboff\u00a0\u00bb button_two_text_size__hover_enabled=\u00a0\u00bboff\u00a0\u00bb button_one_text_color__hover_enabled=\u00a0\u00bbon\u00a0\u00bb button_one_text_color__hover=\u00a0\u00bb#edbb5f\u00a0\u00bb button_two_text_color__hover_enabled=\u00a0\u00bbon\u00a0\u00bb button_two_text_color__hover=\u00a0\u00bb#edbb5f\u00a0\u00bb button_one_border_width__hover_enabled=\u00a0\u00bboff\u00a0\u00bb button_two_border_width__hover_enabled=\u00a0\u00bboff\u00a0\u00bb button_one_border_color__hover_enabled=\u00a0\u00bboff\u00a0\u00bb button_two_border_color__hover_enabled=\u00a0\u00bboff\u00a0\u00bb button_one_border_radius__hover_enabled=\u00a0\u00bboff\u00a0\u00bb button_two_border_radius__hover_enabled=\u00a0\u00bboff\u00a0\u00bb button_one_letter_spacing__hover_enabled=\u00a0\u00bboff\u00a0\u00bb button_two_letter_spacing__hover_enabled=\u00a0\u00bboff\u00a0\u00bb button_one_bg_color__hover_enabled=\u00a0\u00bbon\u00a0\u00bb button_one_bg_color__hover=\u00a0\u00bbrgba(0,0,0,0)\u00a0\u00bb button_two_bg_color__hover_enabled=\u00a0\u00bbon\u00a0\u00bb button_two_bg_color__hover=\u00a0\u00bbrgba(0,0,0,0)\u00a0\u00bb]Choisir FEUER signifie obtenir des r\u00e9sultats d\u2019expert sans les contraintes li\u00e9es au recrutement, \u00e0 la formation ou aux salaires fixes.[\/et_pb_fullwidth_header][\/et_pb_section][et_pb_section fb_built=\u00a0\u00bb1&Prime; admin_label=\u00a0\u00bbIntroduction\u00a0\u00bb _builder_version=\u00a0\u00bb4.16&Prime; custom_margin=\u00a0\u00bb|||\u00a0\u00bb custom_padding=\u00a0\u00bb100px|0px|100px|0px\u00a0\u00bb global_colors_info=\u00a0\u00bb{}\u00a0\u00bb][et_pb_row column_structure=\u00a0\u00bb1_2,1_2&Prime; use_custom_gutter=\u00a0\u00bbon\u00a0\u00bb gutter_width=\u00a0\u00bb4&Prime; _builder_version=\u00a0\u00bb4.16&Prime; animation_style=\u00a0\u00bbfade\u00a0\u00bb global_colors_info=\u00a0\u00bb{}\u00a0\u00bb][et_pb_column type=\u00a0\u00bb1_2&Prime; _builder_version=\u00a0\u00bb4.16&Prime; custom_padding=\u00a0\u00bb|||\u00a0\u00bb global_colors_info=\u00a0\u00bb{}\u00a0\u00bb custom_padding__hover=\u00a0\u00bb|||\u00a0\u00bb][et_pb_text _builder_version=\u00a0\u00bb4.27.4&Prime; text_font=\u00a0\u00bb||||||||\u00a0\u00bb header_font=\u00a0\u00bb||||||||\u00a0\u00bb header_2_font=\u00a0\u00bbPlayfair Display|700|||||||\u00a0\u00bb header_2_font_size=\u00a0\u00bb38px\u00a0\u00bb header_2_letter_spacing=\u00a0\u00bb1px\u00a0\u00bb header_2_line_height=\u00a0\u00bb1.4em\u00a0\u00bb header_3_font=\u00a0\u00bbPoppins|700||on|||||\u00a0\u00bb header_3_text_color=\u00a0\u00bb#edbb5f\u00a0\u00bb header_3_font_size=\u00a0\u00bb14px\u00a0\u00bb header_3_letter_spacing=\u00a0\u00bb1px\u00a0\u00bb header_3_line_height=\u00a0\u00bb2em\u00a0\u00bb global_colors_info=\u00a0\u00bb{}\u00a0\u00bb]<\/p>\n<h2>Notre approche<\/h2>\n<p>[\/et_pb_text][et_pb_divider color=\u00a0\u00bb#edbb5f\u00a0\u00bb divider_weight=\u00a0\u00bb2px\u00a0\u00bb _builder_version=\u00a0\u00bb4.16&Prime; max_width=\u00a0\u00bb60px\u00a0\u00bb module_alignment=\u00a0\u00bbleft\u00a0\u00bb height=\u00a0\u00bb2px\u00a0\u00bb global_colors_info=\u00a0\u00bb{}\u00a0\u00bb][\/et_pb_divider][et_pb_text _builder_version=\u00a0\u00bb4.27.4&Prime; text_font=\u00a0\u00bbPoppins||||||||\u00a0\u00bb text_font_size=\u00a0\u00bb16px\u00a0\u00bb text_letter_spacing=\u00a0\u00bb1px\u00a0\u00bb text_line_height=\u00a0\u00bb2em\u00a0\u00bb max_width=\u00a0\u00bb550px\u00a0\u00bb global_colors_info=\u00a0\u00bb{}\u00a0\u00bb]<\/p>\n<p>Notre approche repose sur trois piliers : <strong>flexibilit\u00e9, performance et clart\u00e9<\/strong>. Nous prenons en charge les op\u00e9rations chronophages qui \u00e9puisent les ressources internes, vous permettant de vous concentrer sur la croissance strat\u00e9gique.<\/p>\n<p><\/p>\n<p>Nous comprenons que chaque entreprise a des besoins uniques. C\u2019est pourquoi nous <strong>personnalisons nos solutions<\/strong> pour atteindre vos objectifs sp\u00e9cifiques. Que vous ayez besoin d\u2019un soutien \u00e0 court terme ou d\u2019une collaboration continue, nous fournissons des experts d\u00e9di\u00e9s sans engagements \u00e0 long terme.<\/p>\n<p><\/p>\n<p>Avec FEUER, vous b\u00e9n\u00e9ficiez d\u2019un <strong>partenariat fiable, transparent et mesurable<\/strong>. Chaque action est guid\u00e9e par des indicateurs cl\u00e9s de performance (KPI) et des objectifs clairs, garantissant un impact r\u00e9el et durable sur votre activit\u00e9.<\/p>\n<p>[\/et_pb_text][\/et_pb_column][et_pb_column type=\u00a0\u00bb1_2&Prime; _builder_version=\u00a0\u00bb4.16&Prime; custom_padding=\u00a0\u00bb|||\u00a0\u00bb global_colors_info=\u00a0\u00bb{}\u00a0\u00bb custom_padding__hover=\u00a0\u00bb|||\u00a0\u00bb][et_pb_image src=\u00a0\u00bbhttps:\/\/www.feuer-consulting.com\/wp-content\/uploads\/2025\/10\/why-choose-feuer-for-business-consulting-01.jpg\u00a0\u00bb title_text=\u00a0\u00bbwhy-choose-feuer-for-business-consulting-01&Prime; align_tablet=\u00a0\u00bbcenter\u00a0\u00bb align_phone=\u00a0\u00bbcenter\u00a0\u00bb align_last_edited=\u00a0\u00bbon|desktop\u00a0\u00bb _builder_version=\u00a0\u00bb4.27.4&Prime; animation_style=\u00a0\u00bbfade\u00a0\u00bb global_colors_info=\u00a0\u00bb{}\u00a0\u00bb][\/et_pb_image][\/et_pb_column][\/et_pb_row][\/et_pb_section]<\/p>\n","protected":false},"excerpt":{"rendered":"<p>Choisir FEUER signifie obtenir des r\u00e9sultats d\u2019expert sans les contraintes li\u00e9es au recrutement, \u00e0 la formation ou aux salaires fixes.Notre approcheNotre approche repose sur trois piliers : flexibilit\u00e9, performance et clart\u00e9. Nous prenons en charge les op\u00e9rations chronophages qui \u00e9puisent les ressources internes, vous permettant de vous concentrer sur la croissance strat\u00e9gique.Nous comprenons que chaque [&hellip;]<\/p>\n","protected":false},"author":1,"featured_media":0,"parent":0,"menu_order":0,"comment_status":"closed","ping_status":"closed","template":"","meta":{"_et_pb_use_builder":"on","_et_pb_old_content":"","_et_gb_content_width":"","footnotes":""},"class_list":["post-191","page","type-page","status-publish","hentry"],"yoast_head":"<!-- This site is optimized with the Yoast SEO plugin v27.1.1 - https:\/\/yoast.com\/product\/yoast-seo-wordpress\/ -->\n<title>Notre Approche | Solutions Business Externalis\u00e9es<\/title>\n<meta name=\"description\" content=\"D\u00e9couvrez l\u2019approche FEUER LLP : solutions externalis\u00e9es flexibles, KPI-driven, avec support expert et sans embauche ni co\u00fbts fixes.\" \/>\n<meta name=\"robots\" content=\"index, follow, max-snippet:-1, max-image-preview:large, max-video-preview:-1\" \/>\n<link rel=\"canonical\" href=\"https:\/\/www.feuer-consulting.com\/fr\/pourquoi-nous-choisir\/\" \/>\n<meta property=\"og:locale\" content=\"fr_FR\" \/>\n<meta property=\"og:type\" content=\"article\" \/>\n<meta property=\"og:title\" content=\"Notre Approche | Solutions Business Externalis\u00e9es\" \/>\n<meta property=\"og:description\" content=\"L\u2019approche FEUER LLP offre un support expert, flexible et mesurable. Acc\u00e9dez \u00e0 des professionnels sans recrutement ni engagement long terme.\" \/>\n<meta property=\"og:url\" content=\"https:\/\/www.feuer-consulting.com\/fr\/pourquoi-nous-choisir\/\" \/>\n<meta property=\"og:site_name\" content=\"Feuer Consulting\" \/>\n<meta property=\"article:modified_time\" content=\"2025-10-12T17:52:42+00:00\" \/>\n<meta name=\"twitter:card\" content=\"summary_large_image\" \/>\n<meta name=\"twitter:label1\" content=\"Dur\u00e9e de lecture estim\u00e9e\" \/>\n\t<meta name=\"twitter:data1\" content=\"4 minutes\" \/>\n<script type=\"application\/ld+json\" class=\"yoast-schema-graph\">{\"@context\":\"https:\/\/schema.org\",\"@graph\":[{\"@type\":\"WebPage\",\"@id\":\"https:\/\/www.feuer-consulting.com\/fr\/pourquoi-nous-choisir\/\",\"url\":\"https:\/\/www.feuer-consulting.com\/fr\/pourquoi-nous-choisir\/\",\"name\":\"Notre Approche | Solutions Business Externalis\u00e9es\",\"isPartOf\":{\"@id\":\"https:\/\/www.feuer-consulting.com\/fr\/#website\"},\"datePublished\":\"2025-10-06T14:56:23+00:00\",\"dateModified\":\"2025-10-12T17:52:42+00:00\",\"description\":\"D\u00e9couvrez l\u2019approche FEUER LLP : solutions externalis\u00e9es flexibles, KPI-driven, avec support expert et sans embauche ni co\u00fbts fixes.\",\"breadcrumb\":{\"@id\":\"https:\/\/www.feuer-consulting.com\/fr\/pourquoi-nous-choisir\/#breadcrumb\"},\"inLanguage\":\"fr-FR\",\"potentialAction\":[{\"@type\":\"ReadAction\",\"target\":[\"https:\/\/www.feuer-consulting.com\/fr\/pourquoi-nous-choisir\/\"]}]},{\"@type\":\"BreadcrumbList\",\"@id\":\"https:\/\/www.feuer-consulting.com\/fr\/pourquoi-nous-choisir\/#breadcrumb\",\"itemListElement\":[{\"@type\":\"ListItem\",\"position\":1,\"name\":\"Accueil\",\"item\":\"https:\/\/www.feuer-consulting.com\/fr\/\"},{\"@type\":\"ListItem\",\"position\":2,\"name\":\"Pourquoi nous choisir\"}]},{\"@type\":\"WebSite\",\"@id\":\"https:\/\/www.feuer-consulting.com\/fr\/#website\",\"url\":\"https:\/\/www.feuer-consulting.com\/fr\/\",\"name\":\"Feuer Consulting\",\"description\":\"\",\"potentialAction\":[{\"@type\":\"SearchAction\",\"target\":{\"@type\":\"EntryPoint\",\"urlTemplate\":\"https:\/\/www.feuer-consulting.com\/fr\/?s={search_term_string}\"},\"query-input\":{\"@type\":\"PropertyValueSpecification\",\"valueRequired\":true,\"valueName\":\"search_term_string\"}}],\"inLanguage\":\"fr-FR\"}]}<\/script>\n<!-- \/ Yoast SEO plugin. -->","yoast_head_json":{"title":"Notre Approche | Solutions Business Externalis\u00e9es","description":"D\u00e9couvrez l\u2019approche FEUER LLP : solutions externalis\u00e9es flexibles, KPI-driven, avec support expert et sans embauche ni co\u00fbts fixes.","robots":{"index":"index","follow":"follow","max-snippet":"max-snippet:-1","max-image-preview":"max-image-preview:large","max-video-preview":"max-video-preview:-1"},"canonical":"https:\/\/www.feuer-consulting.com\/fr\/pourquoi-nous-choisir\/","og_locale":"fr_FR","og_type":"article","og_title":"Notre Approche | Solutions Business Externalis\u00e9es","og_description":"L\u2019approche FEUER LLP offre un support expert, flexible et mesurable. Acc\u00e9dez \u00e0 des professionnels sans recrutement ni engagement long terme.","og_url":"https:\/\/www.feuer-consulting.com\/fr\/pourquoi-nous-choisir\/","og_site_name":"Feuer Consulting","article_modified_time":"2025-10-12T17:52:42+00:00","twitter_card":"summary_large_image","twitter_misc":{"Dur\u00e9e de lecture estim\u00e9e":"4 minutes"},"schema":{"@context":"https:\/\/schema.org","@graph":[{"@type":"WebPage","@id":"https:\/\/www.feuer-consulting.com\/fr\/pourquoi-nous-choisir\/","url":"https:\/\/www.feuer-consulting.com\/fr\/pourquoi-nous-choisir\/","name":"Notre Approche | Solutions Business Externalis\u00e9es","isPartOf":{"@id":"https:\/\/www.feuer-consulting.com\/fr\/#website"},"datePublished":"2025-10-06T14:56:23+00:00","dateModified":"2025-10-12T17:52:42+00:00","description":"D\u00e9couvrez l\u2019approche FEUER LLP : solutions externalis\u00e9es flexibles, KPI-driven, avec support expert et sans embauche ni co\u00fbts fixes.","breadcrumb":{"@id":"https:\/\/www.feuer-consulting.com\/fr\/pourquoi-nous-choisir\/#breadcrumb"},"inLanguage":"fr-FR","potentialAction":[{"@type":"ReadAction","target":["https:\/\/www.feuer-consulting.com\/fr\/pourquoi-nous-choisir\/"]}]},{"@type":"BreadcrumbList","@id":"https:\/\/www.feuer-consulting.com\/fr\/pourquoi-nous-choisir\/#breadcrumb","itemListElement":[{"@type":"ListItem","position":1,"name":"Accueil","item":"https:\/\/www.feuer-consulting.com\/fr\/"},{"@type":"ListItem","position":2,"name":"Pourquoi nous choisir"}]},{"@type":"WebSite","@id":"https:\/\/www.feuer-consulting.com\/fr\/#website","url":"https:\/\/www.feuer-consulting.com\/fr\/","name":"Feuer Consulting","description":"","potentialAction":[{"@type":"SearchAction","target":{"@type":"EntryPoint","urlTemplate":"https:\/\/www.feuer-consulting.com\/fr\/?s={search_term_string}"},"query-input":{"@type":"PropertyValueSpecification","valueRequired":true,"valueName":"search_term_string"}}],"inLanguage":"fr-FR"}]}},"_links":{"self":[{"href":"https:\/\/www.feuer-consulting.com\/fr\/wp-json\/wp\/v2\/pages\/191","targetHints":{"allow":["GET"]}}],"collection":[{"href":"https:\/\/www.feuer-consulting.com\/fr\/wp-json\/wp\/v2\/pages"}],"about":[{"href":"https:\/\/www.feuer-consulting.com\/fr\/wp-json\/wp\/v2\/types\/page"}],"author":[{"embeddable":true,"href":"https:\/\/www.feuer-consulting.com\/fr\/wp-json\/wp\/v2\/users\/1"}],"replies":[{"embeddable":true,"href":"https:\/\/www.feuer-consulting.com\/fr\/wp-json\/wp\/v2\/comments?post=191"}],"version-history":[{"count":6,"href":"https:\/\/www.feuer-consulting.com\/fr\/wp-json\/wp\/v2\/pages\/191\/revisions"}],"predecessor-version":[{"id":234,"href":"https:\/\/www.feuer-consulting.com\/fr\/wp-json\/wp\/v2\/pages\/191\/revisions\/234"}],"wp:attachment":[{"href":"https:\/\/www.feuer-consulting.com\/fr\/wp-json\/wp\/v2\/media?parent=191"}],"curies":[{"name":"wp","href":"https:\/\/api.w.org\/{rel}","templated":true}]}}